{"id":1293,"date":"2025-07-03T13:23:19","date_gmt":"2025-07-03T11:23:19","guid":{"rendered":"https:\/\/harvesta.com\/histoire-et-mission\/"},"modified":"2025-07-03T13:23:21","modified_gmt":"2025-07-03T11:23:21","slug":"histoire-et-mission","status":"publish","type":"page","link":"https:\/\/harvesta.com\/fr\/histoire-et-mission\/","title":{"rendered":"Histoire et mission"},"content":{"rendered":"<p>[et_pb_section fb_built=\u00a0\u00bb1&Prime; admin_label=\u00a0\u00bbBest Beans\u00a0\u00bb _builder_version=\u00a0\u00bb3.22&Prime; background_color_gradient_direction=\u00a0\u00bb90deg\u00a0\u00bb custom_padding=\u00a0\u00bb0px|0px|0px|0px\u00a0\u00bb global_colors_info=\u00a0\u00bb{}\u00a0\u00bb][et_pb_row _builder_version=\u00a0\u00bb4.14.0&Prime; _module_preset=\u00a0\u00bbdefault\u00a0\u00bb global_colors_info=\u00a0\u00bb{}\u00a0\u00bb][et_pb_column type=\u00a0\u00bb4_4&Prime; _builder_version=\u00a0\u00bb4.14.0&Prime; _module_preset=\u00a0\u00bbdefault\u00a0\u00bb global_colors_info=\u00a0\u00bb{}\u00a0\u00bb][et_pb_text _builder_version=\u00a0\u00bb4.14.4&Prime; _module_preset=\u00a0\u00bbdefault\u00a0\u00bb global_colors_info=\u00a0\u00bb{}\u00a0\u00bb]<\/p>\n<h1>Histoire et mission de Harvesta<\/h1>\n<p>[\/et_pb_text][\/et_pb_column][\/et_pb_row][\/et_pb_section][et_pb_section fb_built=\u00a0\u00bb1&Prime; admin_label=\u00a0\u00bbContent\u00a0\u00bb _builder_version=\u00a0\u00bb4.14.1&Prime; background_color_gradient_direction=\u00a0\u00bb90deg\u00a0\u00bb custom_padding=\u00a0\u00bb0px|0px|0px|0px\u00a0\u00bb global_colors_info=\u00a0\u00bb{}\u00a0\u00bb][et_pb_row column_structure=\u00a0\u00bb1_2,1_2&Prime; admin_label=\u00a0\u00bbHistoire\u00a0\u00bb module_id=\u00a0\u00bbgeschichte\u00a0\u00bb _builder_version=\u00a0\u00bb4.14.1&Prime; _module_preset=\u00a0\u00bbdefault\u00a0\u00bb global_colors_info=\u00a0\u00bb{}\u00a0\u00bb][et_pb_column type=\u00a0\u00bb1_2&Prime; _builder_version=\u00a0\u00bb4.14.1&Prime; _module_preset=\u00a0\u00bbdefault\u00a0\u00bb global_colors_info=\u00a0\u00bb{}\u00a0\u00bb][et_pb_text admin_label=\u00a0\u00bbTittle\u00a0\u00bb _builder_version=\u00a0\u00bb4.14.1&Prime; text_font=\u00a0\u00bbNunito||||||||\u00a0\u00bb header_text_align=\u00a0\u00bbcenter\u00a0\u00bb header_3_font=\u00a0\u00bbOswald|||on|||||\u00a0\u00bb header_3_font_size=\u00a0\u00bb42px\u00a0\u00bb header_3_letter_spacing=\u00a0\u00bb2px\u00a0\u00bb header_3_line_height=\u00a0\u00bb1.5em\u00a0\u00bb max_width=\u00a0\u00bb600px\u00a0\u00bb max_width_tablet=\u00a0\u00bb\u00a0\u00bb max_width_phone=\u00a0\u00bb\u00a0\u00bb max_width_last_edited=\u00a0\u00bbon|phone\u00a0\u00bb module_alignment=\u00a0\u00bbleft\u00a0\u00bb custom_margin=\u00a0\u00bb1px|||||\u00a0\u00bb custom_margin_tablet=\u00a0\u00bb0px||||false|false\u00a0\u00bb custom_margin_phone=\u00a0\u00bb0px||||false|false\u00a0\u00bb custom_margin_last_edited=\u00a0\u00bbon|desktop\u00a0\u00bb locked=\u00a0\u00bboff\u00a0\u00bb global_colors_info=\u00a0\u00bb{}\u00a0\u00bb]<\/p>\n<h2>Histoire :<\/h2>\n<p>En tant que forestier qualifi\u00e9, Roger Keller a fond\u00e9 R. Keller AG en 1986 avec 2 partenaires. Dans un premier temps, l&rsquo;activit\u00e9 de l&rsquo;entreprise comprenait principalement des travaux forestiers et divers transports en camion.<br \/>En 1989, la soci\u00e9t\u00e9 actuelle Harvesta AG a \u00e9t\u00e9 cr\u00e9\u00e9e \u00e0 partir de cette entreprise.<br \/>Au d\u00e9but, l&rsquo;accent \u00e9tait mis sur l&rsquo;entretien enti\u00e8rement m\u00e9canis\u00e9 des for\u00eats avec les premiers abatteuses et porteurs de Suisse.<\/p>\n<p>C&rsquo;est \u00e9galement \u00e0 cette \u00e9poque qu&rsquo;ont eu lieu les tentatives de reprise de bois sur pied et de vente des bois ronds produits. Par la suite, Roger Keller s&rsquo;est de plus en plus sp\u00e9cialis\u00e9 dans la commercialisation de <a href=\"https:\/\/harvesta.com\/fr\/bois-ronds-de-sciage\/\">bois ronds de conif\u00e8res<\/a> et de <a href=\"https:\/\/harvesta.com\/fr\/bois-industriel\/\">bois industriels<\/a>.<br \/>Les op\u00e9rations de coop\u00e9ration en Europe de l&rsquo;Est avec des machines contre du bois ont \u00e9t\u00e9 la prochaine entreprise de la jeune entreprise. \u00c9tant donn\u00e9 que nos clients se procurent leur mati\u00e8re premi\u00e8re principalement par train en Europe et par bateau en Asie, la logistique ferroviaire et maritime est devenue une autre sp\u00e9cialit\u00e9 de Harvesta AG.<\/p>\n<p>[\/et_pb_text][\/et_pb_column][et_pb_column type=\u00a0\u00bb1_2&Prime; _builder_version=\u00a0\u00bb4.14.1&Prime; _module_preset=\u00a0\u00bbdefault\u00a0\u00bb global_colors_info=\u00a0\u00bb{}\u00a0\u00bb][et_pb_image src=\u00a0\u00bbhttps:\/\/harvesta.com\/wp-content\/uploads\/2021\/11\/titelbild_wald-2.jpg\u00a0\u00bb alt=\u00a0\u00bbImage de titre\u00a0\u00bb _builder_version=\u00a0\u00bb4.14.1&Prime; _module_preset=\u00a0\u00bbdefault\u00a0\u00bb global_colors_info=\u00a0\u00bb{}\u00a0\u00bb][\/et_pb_image][\/et_pb_column][\/et_pb_row][et_pb_row module_id=\u00a0\u00bbleitbild\u00a0\u00bb _builder_version=\u00a0\u00bb4.14.1&Prime; _module_preset=\u00a0\u00bbdefault\u00a0\u00bb global_colors_info=\u00a0\u00bb{}\u00a0\u00bb][et_pb_column type=\u00a0\u00bb4_4&Prime; _builder_version=\u00a0\u00bb4.14.1&Prime; _module_preset=\u00a0\u00bbdefault\u00a0\u00bb global_colors_info=\u00a0\u00bb{}\u00a0\u00bb][et_pb_text admin_label=\u00a0\u00bbTittle\u00a0\u00bb _builder_version=\u00a0\u00bb4.14.1&Prime; text_font=\u00a0\u00bbNunito||||||||\u00a0\u00bb header_text_align=\u00a0\u00bbcenter\u00a0\u00bb header_3_font=\u00a0\u00bbOswald|||on|||||\u00a0\u00bb header_3_font_size=\u00a0\u00bb42px\u00a0\u00bb header_3_letter_spacing=\u00a0\u00bb2px\u00a0\u00bb header_3_line_height=\u00a0\u00bb1.5em\u00a0\u00bb max_width=\u00a0\u00bb80%\u00a0\u00bb max_width_tablet=\u00a0\u00bb\u00a0\u00bb max_width_phone=\u00a0\u00bb100%\u00a0\u00bb max_width_last_edited=\u00a0\u00bbon|phone\u00a0\u00bb module_alignment=\u00a0\u00bbleft\u00a0\u00bb custom_margin=\u00a0\u00bb1px|||||\u00a0\u00bb custom_margin_tablet=\u00a0\u00bb0px||||false|false\u00a0\u00bb custom_margin_phone=\u00a0\u00bb0px||||false|false\u00a0\u00bb custom_margin_last_edited=\u00a0\u00bbon|desktop\u00a0\u00bb locked=\u00a0\u00bboff\u00a0\u00bb global_colors_info=\u00a0\u00bb{}\u00a0\u00bb]<\/p>\n<h2>Mission :<\/h2>\n<p>Nous sommes un fournisseur fiable et honn\u00eate de bois en tant que mati\u00e8re premi\u00e8re pour nos clients.<\/p>\n<p>Il va de soi que la m\u00eame chose vaut pour nos fournisseurs lors de l&rsquo;achat de leurs produits forestiers.<br \/>Nous nous effor\u00e7ons de construire un partenariat \u00e9quitable et \u00e0 long terme avec nos clients et nos fournisseurs.<\/p>\n<p>Nous assumons notre responsabilit\u00e9 envers la soci\u00e9t\u00e9 et respectons les principes \u00e9thiques.<\/p>\n<p>Nous am\u00e9liorons continuellement nos processus d&rsquo;approvisionnement et de logistique.<\/p>\n<p>Nous traitons nos fournisseurs et nos clients avec grand respect.<\/p>\n<p>Nous sommes comp\u00e9tents et innovants.<\/p>\n<p>Nous sommes ouverts \u00e0 toutes les nouveaut\u00e9s.<\/p>\n<p>[\/et_pb_text][et_pb_button button_url=\u00a0\u00bb@ET-DC@eyJkeW5hbWljIjp0cnVlLCJjb250ZW50IjoicG9zdF9saW5rX3VybF9wYWdlIiwic2V0dGluZ3MiOnsicG9zdF9pZCI6IjE2MSJ9fQ==@\u00a0\u00bb button_text=\u00a0\u00bbEn savoir plus sur notre \u00e9quipe\u00a0\u00bb disabled_on=\u00a0\u00bbon|off|off\u00a0\u00bb admin_label=\u00a0\u00bbCTA Team\u00a0\u00bb _builder_version=\u00a0\u00bb4.14.1&Prime; _dynamic_attributes=\u00a0\u00bbbutton_url\u00a0\u00bb _module_preset=\u00a0\u00bbdefault\u00a0\u00bb global_colors_info=\u00a0\u00bb{}\u00a0\u00bb][\/et_pb_button][et_pb_button button_url=\u00a0\u00bb@ET-DC@eyJkeW5hbWljIjp0cnVlLCJjb250ZW50IjoicG9zdF9saW5rX3VybF9wYWdlIiwic2V0dGluZ3MiOnsicG9zdF9pZCI6IjE2MSJ9fQ==@\u00a0\u00bb button_text=\u00a0\u00bbNotre \u00e9quipe\u00a0\u00bb disabled_on=\u00a0\u00bboff|on|on\u00a0\u00bb admin_label=\u00a0\u00bbCTA Team\u00a0\u00bb _builder_version=\u00a0\u00bb4.14.1&Prime; _dynamic_attributes=\u00a0\u00bbbutton_url\u00a0\u00bb _module_preset=\u00a0\u00bbdefault\u00a0\u00bb global_colors_info=\u00a0\u00bb{}\u00a0\u00bb][\/et_pb_button][\/et_pb_column][\/et_pb_row][et_pb_row admin_label=\u00a0\u00bbBouton CTA\u00a0\u00bb _builder_version=\u00a0\u00bb3.25&Prime; custom_margin=\u00a0\u00bb|auto|-6px|auto||\u00a0\u00bb custom_padding=\u00a0\u00bb3px||0px|||\u00a0\u00bb global_colors_info=\u00a0\u00bb{}\u00a0\u00bb][et_pb_column type=\u00a0\u00bb4_4&Prime; _builder_version=\u00a0\u00bb3.25&Prime; custom_padding=\u00a0\u00bb|||\u00a0\u00bb global_colors_info=\u00a0\u00bb{}\u00a0\u00bb custom_padding__hover=\u00a0\u00bb|||\u00a0\u00bb][et_pb_divider divider_weight=\u00a0\u00bb2px\u00a0\u00bb _builder_version=\u00a0\u00bb4.14.1&Prime; _module_preset=\u00a0\u00bbdefault\u00a0\u00bb custom_margin=\u00a0\u00bb-2px|||||\u00a0\u00bb global_colors_info=\u00a0\u00bb{}\u00a0\u00bb][\/et_pb_divider][\/et_pb_column][\/et_pb_row][\/et_pb_section]<\/p>\n","protected":false},"excerpt":{"rendered":"<p>Histoire et mission de HarvestaHistoire : En tant que forestier qualifi\u00e9, Roger Keller a fond\u00e9 R. Keller AG en 1986 avec 2 partenaires. Dans un premier temps, l&rsquo;activit\u00e9 de l&rsquo;entreprise comprenait principalement des travaux forestiers et divers transports en camion.En 1989, la soci\u00e9t\u00e9 actuelle Harvesta AG a \u00e9t\u00e9 cr\u00e9\u00e9e \u00e0 partir de cette entreprise.Au d\u00e9but, l&rsquo;accent \u00e9tait mis sur l&rsquo;entretien enti\u00e8rement m\u00e9canis\u00e9 des for\u00eats avec les premiers abatteuses et porteurs de Suisse. C&rsquo;est \u00e9galement \u00e0 cette \u00e9poque qu&rsquo;ont eu lieu les tentatives de reprise de bois sur pied et de vente des bois ronds produits. Par la suite, Roger Keller s&rsquo;est de plus en plus sp\u00e9cialis\u00e9 dans la commercialisation de bois ronds de conif\u00e8res et de bois industriels.Les op\u00e9rations de coop\u00e9ration en Europe de l&rsquo;Est avec des machines contre du bois ont \u00e9t\u00e9 la prochaine entreprise de la jeune entreprise. \u00c9tant donn\u00e9 que nos clients se procurent leur mati\u00e8re premi\u00e8re principalement par train en Europe et par bateau en Asie, la logistique ferroviaire et maritime est devenue une autre sp\u00e9cialit\u00e9 de Harvesta AG.Mission : Nous sommes un fournisseur fiable et honn\u00eate de bois en tant que mati\u00e8re premi\u00e8re pour nos clients. Il va de soi que la m\u00eame chose vaut [&hellip;]<\/p>\n","protected":false},"author":1,"featured_media":1195,"parent":0,"menu_order":0,"comment_status":"closed","ping_status":"closed","template":"","meta":{"_acf_changed":false,"_et_pb_use_builder":"on","_et_pb_old_content":"","_et_gb_content_width":"","footnotes":""},"class_list":["post-1293","page","type-page","status-publish","has-post-thumbnail","hentry"],"acf":[],"_links":{"self":[{"href":"https:\/\/harvesta.com\/fr\/wp-json\/wp\/v2\/pages\/1293","targetHints":{"allow":["GET"]}}],"collection":[{"href":"https:\/\/harvesta.com\/fr\/wp-json\/wp\/v2\/pages"}],"about":[{"href":"https:\/\/harvesta.com\/fr\/wp-json\/wp\/v2\/types\/page"}],"author":[{"embeddable":true,"href":"https:\/\/harvesta.com\/fr\/wp-json\/wp\/v2\/users\/1"}],"replies":[{"embeddable":true,"href":"https:\/\/harvesta.com\/fr\/wp-json\/wp\/v2\/comments?post=1293"}],"version-history":[{"count":1,"href":"https:\/\/harvesta.com\/fr\/wp-json\/wp\/v2\/pages\/1293\/revisions"}],"predecessor-version":[{"id":1296,"href":"https:\/\/harvesta.com\/fr\/wp-json\/wp\/v2\/pages\/1293\/revisions\/1296"}],"wp:featuredmedia":[{"embeddable":true,"href":"https:\/\/harvesta.com\/fr\/wp-json\/wp\/v2\/media\/1195"}],"wp:attachment":[{"href":"https:\/\/harvesta.com\/fr\/wp-json\/wp\/v2\/media?parent=1293"}],"curies":[{"name":"wp","href":"https:\/\/api.w.org\/{rel}","templated":true}]}}