{"id":1199,"date":"2025-07-03T13:22:00","date_gmt":"2025-07-03T11:22:00","guid":{"rendered":"https:\/\/harvesta.com\/mentions-legales\/"},"modified":"2025-07-03T13:22:01","modified_gmt":"2025-07-03T11:22:01","slug":"mentions-legales","status":"publish","type":"page","link":"https:\/\/harvesta.com\/fr\/mentions-legales\/","title":{"rendered":"Mentions l\u00e9gales"},"content":{"rendered":"<p>[et_pb_section fb_built=\u00a0\u00bb1&Prime; _builder_version=\u00a0\u00bb4.14.4&Prime; _module_preset=\u00a0\u00bbdefault\u00a0\u00bb custom_padding=\u00a0\u00bb||2px|||\u00a0\u00bb global_colors_info=\u00a0\u00bb{}\u00a0\u00bb][et_pb_row _builder_version=\u00a0\u00bb4.14.4&Prime; _module_preset=\u00a0\u00bbdefault\u00a0\u00bb custom_padding=\u00a0\u00bb5px|||||\u00a0\u00bb global_colors_info=\u00a0\u00bb{}\u00a0\u00bb][et_pb_column type=\u00a0\u00bb4_4&Prime; _builder_version=\u00a0\u00bb4.14.4&Prime; _module_preset=\u00a0\u00bbdefault\u00a0\u00bb global_colors_info=\u00a0\u00bb{}\u00a0\u00bb][et_pb_text _builder_version=\u00a0\u00bb4.14.4&Prime; _module_preset=\u00a0\u00bbdefault\u00a0\u00bb global_colors_info=\u00a0\u00bb{}\u00a0\u00bb]<\/p>\n<h1>Mentions l\u00e9gales<\/h1>\n<p>&nbsp;<\/p>\n<h2>Harvesta AG<\/h2>\n<p><strong>Adresse<\/strong>&nbsp;: Hinterdorfstrasse 27,<br \/>8597 Landschlacht, Suisse<\/p>\n<p><strong>T\u00e9l\u00e9phone&nbsp;:<\/strong> +41 71 694 50 00<\/p>\n<p><strong>T\u00e9l\u00e9copie&nbsp;:<\/strong> +41 71 694 50 01<\/p>\n<p><strong>Courriel&nbsp;:<\/strong> <a href=\"mailto:info@harvesta.com\">info@harvesta.com<\/a><\/p>\n<p>&nbsp;<\/p>\n<p><strong>Heures d\u2019ouverture&nbsp;:<\/strong> Lun-Ven.<br \/>7h30 \u2013 12h00 \/ 13h00 \u2013 17h30<\/p>\n<p><strong>IDE<\/strong><br \/>CHE-106.523.018<\/p>\n<p><strong>Num\u00e9ro d\u2019inscription au registre du commerce<\/strong><br \/>CH-440.3.003.354-8<\/p>\n<p>&nbsp;<\/p>\n<p>[\/et_pb_text][et_pb_text _builder_version=\u00a0\u00bb4.14.7&Prime; _module_preset=\u00a0\u00bbdefault\u00a0\u00bb hover_enabled=\u00a0\u00bb0&Prime; global_colors_info=\u00a0\u00bb{}\u00a0\u00bb sticky_enabled=\u00a0\u00bb0&Prime;]<\/p>\n<h3>Marketing en ligne et d\u00e9veloppement web<\/h3>\n<p><a href=\"https:\/\/adduse.ch\" target=\"_blank\" rel=\"noopener\">Adduse GmbH<\/a><b><\/b><\/p>\n<p>&nbsp;<\/p>\n<p>[\/et_pb_text][\/et_pb_column][\/et_pb_row][\/et_pb_section]<\/p>\n","protected":false},"excerpt":{"rendered":"<p>Mentions l\u00e9gales &nbsp; Harvesta AG Adresse&nbsp;: Hinterdorfstrasse 27,8597 Landschlacht, Suisse T\u00e9l\u00e9phone&nbsp;: +41 71 694 50 00 T\u00e9l\u00e9copie&nbsp;: +41 71 694 50 01 Courriel&nbsp;: info@harvesta.com &nbsp; Heures d\u2019ouverture&nbsp;: Lun-Ven.7h30 \u2013 12h00 \/ 13h00 \u2013 17h30 IDECHE-106.523.018 Num\u00e9ro d\u2019inscription au registre du commerceCH-440.3.003.354-8 &nbsp;Marketing en ligne et d\u00e9veloppement web Adduse GmbH &nbsp;<\/p>\n","protected":false},"author":1,"featured_media":0,"parent":0,"menu_order":0,"comment_status":"closed","ping_status":"closed","template":"","meta":{"_acf_changed":false,"_et_pb_use_builder":"on","_et_pb_old_content":"","_et_gb_content_width":"","footnotes":""},"class_list":["post-1199","page","type-page","status-publish","hentry"],"acf":[],"_links":{"self":[{"href":"https:\/\/harvesta.com\/fr\/wp-json\/wp\/v2\/pages\/1199","targetHints":{"allow":["GET"]}}],"collection":[{"href":"https:\/\/harvesta.com\/fr\/wp-json\/wp\/v2\/pages"}],"about":[{"href":"https:\/\/harvesta.com\/fr\/wp-json\/wp\/v2\/types\/page"}],"author":[{"embeddable":true,"href":"https:\/\/harvesta.com\/fr\/wp-json\/wp\/v2\/users\/1"}],"replies":[{"embeddable":true,"href":"https:\/\/harvesta.com\/fr\/wp-json\/wp\/v2\/comments?post=1199"}],"version-history":[{"count":2,"href":"https:\/\/harvesta.com\/fr\/wp-json\/wp\/v2\/pages\/1199\/revisions"}],"predecessor-version":[{"id":1202,"href":"https:\/\/harvesta.com\/fr\/wp-json\/wp\/v2\/pages\/1199\/revisions\/1202"}],"wp:attachment":[{"href":"https:\/\/harvesta.com\/fr\/wp-json\/wp\/v2\/media?parent=1199"}],"curies":[{"name":"wp","href":"https:\/\/api.w.org\/{rel}","templated":true}]}}