{"id":1190,"date":"2025-07-03T13:21:47","date_gmt":"2025-07-03T11:21:47","guid":{"rendered":"https:\/\/harvesta.com\/materiaux-derives-du-bois\/"},"modified":"2025-07-03T13:21:49","modified_gmt":"2025-07-03T11:21:49","slug":"materiaux-derives-du-bois","status":"publish","type":"page","link":"https:\/\/harvesta.com\/fr\/materiaux-derives-du-bois\/","title":{"rendered":"Mat\u00e9riaux d\u00e9riv\u00e9s du bois"},"content":{"rendered":"<p>[et_pb_section fb_built=\u00a0\u00bb1&Prime; admin_label=\u00a0\u00bbBest Beans\u00a0\u00bb _builder_version=\u00a0\u00bb4.16&Prime; background_color_gradient_direction=\u00a0\u00bb90deg\u00a0\u00bb custom_padding=\u00a0\u00bb0px|0px|0px|0px\u00a0\u00bb global_colors_info=\u00a0\u00bb{}\u00a0\u00bb][et_pb_row _builder_version=\u00a0\u00bb4.16&Prime; _module_preset=\u00a0\u00bbdefault\u00a0\u00bb global_colors_info=\u00a0\u00bb{}\u00a0\u00bb][et_pb_column type=\u00a0\u00bb4_4&Prime; _builder_version=\u00a0\u00bb4.16&Prime; _module_preset=\u00a0\u00bbdefault\u00a0\u00bb global_colors_info=\u00a0\u00bb{}\u00a0\u00bb][et_pb_text _builder_version=\u00a0\u00bb4.16&Prime; _module_preset=\u00a0\u00bbdefault\u00a0\u00bb global_colors_info=\u00a0\u00bb{}\u00a0\u00bb]<\/p>\n<h1 class=\"services-heading_title\">Mat\u00e9riaux d\u00e9riv\u00e9s du bois \u2013 Catalogue de produits<\/h1>\n<p>[\/et_pb_text][\/et_pb_column][\/et_pb_row][\/et_pb_section][et_pb_section fb_built=\u00a0\u00bb1&Prime; admin_label=\u00a0\u00bbBest Beans\u00a0\u00bb _builder_version=\u00a0\u00bb4.16&Prime; background_color_gradient_direction=\u00a0\u00bb90deg\u00a0\u00bb custom_padding=\u00a0\u00bb0px|0px|0px|0px\u00a0\u00bb global_colors_info=\u00a0\u00bb{}\u00a0\u00bb][et_pb_row _builder_version=\u00a0\u00bb4.16&Prime; _module_preset=\u00a0\u00bbdefault\u00a0\u00bb global_colors_info=\u00a0\u00bb{}\u00a0\u00bb][et_pb_column type=\u00a0\u00bb4_4&Prime; _builder_version=\u00a0\u00bb4.16&Prime; _module_preset=\u00a0\u00bbdefault\u00a0\u00bb global_colors_info=\u00a0\u00bb{}\u00a0\u00bb][et_pb_text admin_label=\u00a0\u00bbTittle\u00a0\u00bb _builder_version=\u00a0\u00bb4.16&Prime; text_font=\u00a0\u00bbNunito||||||||\u00a0\u00bb header_text_align=\u00a0\u00bbcenter\u00a0\u00bb header_3_font=\u00a0\u00bbOswald|||on|||||\u00a0\u00bb header_3_font_size=\u00a0\u00bb42px\u00a0\u00bb header_3_letter_spacing=\u00a0\u00bb2px\u00a0\u00bb header_3_line_height=\u00a0\u00bb1.5em\u00a0\u00bb width=\u00a0\u00bb70%\u00a0\u00bb width_tablet=\u00a0\u00bb70%\u00a0\u00bb width_phone=\u00a0\u00bb100%\u00a0\u00bb width_last_edited=\u00a0\u00bbon|phone\u00a0\u00bb max_width_tablet=\u00a0\u00bb\u00a0\u00bb max_width_phone=\u00a0\u00bb\u00a0\u00bb max_width_last_edited=\u00a0\u00bbon|desktop\u00a0\u00bb module_alignment=\u00a0\u00bbleft\u00a0\u00bb custom_margin=\u00a0\u00bb-1px|||||\u00a0\u00bb custom_margin_tablet=\u00a0\u00bb0px||||false|false\u00a0\u00bb custom_margin_phone=\u00a0\u00bb0px||||false|false\u00a0\u00bb custom_margin_last_edited=\u00a0\u00bbon|desktop\u00a0\u00bb locked=\u00a0\u00bboff\u00a0\u00bb global_colors_info=\u00a0\u00bb{}\u00a0\u00bb]<\/p>\n<p>Nous fournissons des mat\u00e9riaux d\u00e9riv\u00e9s du bois de qualit\u00e9, polyvalents et adapt\u00e9s \u00e0 la construction moderne en bois. Gr\u00e2ce \u00e0 la collaboration de diff\u00e9rents producteurs europ\u00e9ens, nous sommes flexibles et pouvons vous faire une offre dans les plus brefs d\u00e9lais.<\/p>\n<p>[\/et_pb_text][et_pb_text admin_label=\u00a0\u00bbTittle\u00a0\u00bb _builder_version=\u00a0\u00bb4.16&Prime; text_font=\u00a0\u00bbNunito||||||||\u00a0\u00bb header_text_align=\u00a0\u00bbcenter\u00a0\u00bb header_3_font=\u00a0\u00bbOswald|||on|||||\u00a0\u00bb header_3_font_size=\u00a0\u00bb42px\u00a0\u00bb header_3_letter_spacing=\u00a0\u00bb2px\u00a0\u00bb header_3_line_height=\u00a0\u00bb1.5em\u00a0\u00bb width=\u00a0\u00bb70%\u00a0\u00bb width_tablet=\u00a0\u00bb70%\u00a0\u00bb width_phone=\u00a0\u00bb100%\u00a0\u00bb width_last_edited=\u00a0\u00bbon|phone\u00a0\u00bb max_width_tablet=\u00a0\u00bb\u00a0\u00bb max_width_phone=\u00a0\u00bb\u00a0\u00bb max_width_last_edited=\u00a0\u00bbon|desktop\u00a0\u00bb module_alignment=\u00a0\u00bbleft\u00a0\u00bb custom_margin=\u00a0\u00bb-1px|||||\u00a0\u00bb custom_margin_tablet=\u00a0\u00bb0px||||false|false\u00a0\u00bb custom_margin_phone=\u00a0\u00bb0px||||false|false\u00a0\u00bb custom_margin_last_edited=\u00a0\u00bbon|desktop\u00a0\u00bb locked=\u00a0\u00bboff\u00a0\u00bb global_colors_info=\u00a0\u00bb{}\u00a0\u00bb]<\/p>\n<p>Nous livrons volontiers nos mat\u00e9riaux&nbsp;:<span> <\/span><strong>recouverts, assembl\u00e9s, trait\u00e9s et incl. pi\u00e8ces en acier pr\u00e9assembl\u00e9es. <\/strong>Exactement comme vous en avez besoin.<\/p>\n<p>[\/et_pb_text][\/et_pb_column][\/et_pb_row][et_pb_row column_structure=\u00a0\u00bb1_3,1_3,1_3&Prime; admin_label=\u00a0\u00bbBouton CTA\u00a0\u00bb _builder_version=\u00a0\u00bb4.16&Prime; custom_padding=\u00a0\u00bb|||\u00a0\u00bb global_colors_info=\u00a0\u00bb{}\u00a0\u00bb][et_pb_column type=\u00a0\u00bb1_3&Prime; _builder_version=\u00a0\u00bb4.16&Prime; custom_padding=\u00a0\u00bb|||\u00a0\u00bb global_colors_info=\u00a0\u00bb{}\u00a0\u00bb custom_padding__hover=\u00a0\u00bb|||\u00a0\u00bb][et_pb_blurb title=\u00a0\u00bbPanneaux de bois massif clou\u00e9s\u00a0\u00bb url=\u00a0\u00bb@ET-DC@eyJkeW5hbWljIjp0cnVlLCJjb250ZW50IjoicG9zdF9saW5rX3VybF9wYWdlIiwic2V0dGluZ3MiOnsicG9zdF9pZCI6IjkyIiwiZW5hYmxlX2h0bWwiOiJvZmYifX0=@\u00a0\u00bb image=\u00a0\u00bbhttps:\/\/harvesta.com\/wp-content\/uploads\/2021\/12\/Brettstapel5_cropped.png\u00a0\u00bb alt=\u00a0\u00bbPanneaux de bois massif clou\u00e9s\u00a0\u00bb admin_label=\u00a0\u00bbBrettstapel\u00a0\u00bb _builder_version=\u00a0\u00bb4.16&Prime; _dynamic_attributes=\u00a0\u00bburl,link_option_url\u00a0\u00bb _module_preset=\u00a0\u00bbdefault\u00a0\u00bb link_option_url=\u00a0\u00bb@ET-DC@eyJkeW5hbWljIjp0cnVlLCJjb250ZW50IjoicG9zdF9saW5rX3VybF9wYWdlIiwic2V0dGluZ3MiOnsicG9zdF9pZCI6IjkyIiwiZW5hYmxlX2h0bWwiOiJvZmYifX0=@\u00a0\u00bb global_colors_info=\u00a0\u00bb{}\u00a0\u00bb]<\/p>\n<p><span>\u00c9l\u00e9ments massifs en bois compos\u00e9s de lamelles de bois massif \u00e0 haute stabilit\u00e9 dimensionnelle.<\/span><\/p>\n<p>[\/et_pb_blurb][et_pb_button button_url=\u00a0\u00bb@ET-DC@eyJkeW5hbWljIjp0cnVlLCJjb250ZW50IjoicG9zdF9saW5rX3VybF9wYWdlIiwic2V0dGluZ3MiOnsicG9zdF9pZCI6IjkyIiwiZW5hYmxlX2h0bWwiOiJvZmYifX0=@\u00a0\u00bb button_text=\u00a0\u00bbVoir\u00a0\u00bb button_alignment=\u00a0\u00bbleft\u00a0\u00bb _builder_version=\u00a0\u00bb4.16&Prime; _dynamic_attributes=\u00a0\u00bbbutton_url\u00a0\u00bb _module_preset=\u00a0\u00bbdefault\u00a0\u00bb custom_margin=\u00a0\u00bb1.5em||||false|false\u00a0\u00bb global_colors_info=\u00a0\u00bb{}\u00a0\u00bb][\/et_pb_button][\/et_pb_column][et_pb_column type=\u00a0\u00bb1_3&Prime; _builder_version=\u00a0\u00bb4.16&Prime; custom_padding=\u00a0\u00bb|||\u00a0\u00bb global_colors_info=\u00a0\u00bb{}\u00a0\u00bb custom_padding__hover=\u00a0\u00bb|||\u00a0\u00bb][et_pb_blurb title=\u00a0\u00bbContrecoll\u00e9\u00a0\u00bb url=\u00a0\u00bb@ET-DC@eyJkeW5hbWljIjp0cnVlLCJjb250ZW50IjoicG9zdF9saW5rX3VybF9wYWdlIiwic2V0dGluZ3MiOnsicG9zdF9pZCI6Ijg4IiwiZW5hYmxlX2h0bWwiOiJvZmYifX0=@\u00a0\u00bb image=\u00a0\u00bbhttps:\/\/harvesta.com\/wp-content\/uploads\/2021\/12\/Brettsperrholz_gross_cropped.jpg\u00a0\u00bb alt=\u00a0\u00bbContrecoll\u00e9\u00a0\u00bb admin_label=\u00a0\u00bbBrettsperrholz\u00a0\u00bb _builder_version=\u00a0\u00bb4.16&Prime; _dynamic_attributes=\u00a0\u00bblink_option_url,url\u00a0\u00bb _module_preset=\u00a0\u00bbdefault\u00a0\u00bb link_option_url=\u00a0\u00bb@ET-DC@eyJkeW5hbWljIjp0cnVlLCJjb250ZW50IjoicG9zdF9saW5rX3VybF9wYWdlIiwic2V0dGluZ3MiOnsicG9zdF9pZCI6Ijg4IiwiZW5hYmxlX2h0bWwiOiJvZmYifX0=@\u00a0\u00bb global_colors_info=\u00a0\u00bb{}\u00a0\u00bb]<\/p>\n<p><span>\u00c9l\u00e9ments massifs en bois compos\u00e9s de planches coll\u00e9es en croix avec une rigidit\u00e9 propre \u00e9lev\u00e9e et une transmission de charge dans deux directions.<\/span><\/p>\n<p>[\/et_pb_blurb][et_pb_button button_url=\u00a0\u00bb@ET-DC@eyJkeW5hbWljIjp0cnVlLCJjb250ZW50IjoicG9zdF9saW5rX3VybF9wYWdlIiwic2V0dGluZ3MiOnsicG9zdF9pZCI6Ijg4IiwiZW5hYmxlX2h0bWwiOiJvZmYifX0=@\u00a0\u00bb button_text=\u00a0\u00bbVoir\u00a0\u00bb button_alignment=\u00a0\u00bbleft\u00a0\u00bb _builder_version=\u00a0\u00bb4.16&Prime; _dynamic_attributes=\u00a0\u00bbbutton_url\u00a0\u00bb _module_preset=\u00a0\u00bbdefault\u00a0\u00bb custom_margin=\u00a0\u00bb1.5em||||false|false\u00a0\u00bb global_colors_info=\u00a0\u00bb{}\u00a0\u00bb][\/et_pb_button][\/et_pb_column][et_pb_column type=\u00a0\u00bb1_3&Prime; _builder_version=\u00a0\u00bb4.16&Prime; custom_padding=\u00a0\u00bb|||\u00a0\u00bb global_colors_info=\u00a0\u00bb{}\u00a0\u00bb custom_padding__hover=\u00a0\u00bb|||\u00a0\u00bb][et_pb_blurb title=\u00a0\u00bbBois lamell\u00e9-coll\u00e9\u00a0\u00bb url=\u00a0\u00bb@ET-DC@eyJkeW5hbWljIjp0cnVlLCJjb250ZW50IjoicG9zdF9saW5rX3VybF9wYWdlIiwic2V0dGluZ3MiOnsicG9zdF9pZCI6IjkwIiwiZW5hYmxlX2h0bWwiOiJvZmYifX0=@\u00a0\u00bb image=\u00a0\u00bbhttps:\/\/harvesta.com\/wp-content\/uploads\/2021\/12\/Brettschichtholz2_cropped.jpg\u00a0\u00bb alt=\u00a0\u00bbBois lamell\u00e9-coll\u00e9\u00a0\u00bb admin_label=\u00a0\u00bbBrettschichtholz\u00a0\u00bb _builder_version=\u00a0\u00bb4.16&Prime; _dynamic_attributes=\u00a0\u00bburl,link_option_url\u00a0\u00bb _module_preset=\u00a0\u00bbdefault\u00a0\u00bb link_option_url=\u00a0\u00bb@ET-DC@eyJkeW5hbWljIjp0cnVlLCJjb250ZW50IjoicG9zdF9saW5rX3VybF9wYWdlIiwic2V0dGluZ3MiOnsicG9zdF9pZCI6IjkwIiwiZW5hYmxlX2h0bWwiOiJvZmYifX0=@\u00a0\u00bb global_colors_info=\u00a0\u00bb{}\u00a0\u00bb]<\/p>\n<p><span>Trois lamelles coll\u00e9es dans la m\u00eame direction de fibre avec une capacit\u00e9 de charge extr\u00eamement \u00e9lev\u00e9e. Id\u00e9al pour les fortes contraintes statiques dans la construction d&rsquo;ouvrages d&rsquo;art.<\/span><\/p>\n<p>[\/et_pb_blurb][et_pb_button button_url=\u00a0\u00bb@ET-DC@eyJkeW5hbWljIjp0cnVlLCJjb250ZW50IjoicG9zdF9saW5rX3VybF9wYWdlIiwic2V0dGluZ3MiOnsicG9zdF9pZCI6IjkwIiwiZW5hYmxlX2h0bWwiOiJvZmYifX0=@\u00a0\u00bb button_text=\u00a0\u00bbVoir\u00a0\u00bb button_alignment=\u00a0\u00bbleft\u00a0\u00bb _builder_version=\u00a0\u00bb4.16&Prime; _dynamic_attributes=\u00a0\u00bbbutton_url\u00a0\u00bb _module_preset=\u00a0\u00bbdefault\u00a0\u00bb custom_margin=\u00a0\u00bb1.5em||||false|false\u00a0\u00bb global_colors_info=\u00a0\u00bb{}\u00a0\u00bb][\/et_pb_button][\/et_pb_column][\/et_pb_row][et_pb_row _builder_version=\u00a0\u00bb4.16&Prime; _module_preset=\u00a0\u00bbdefault\u00a0\u00bb global_colors_info=\u00a0\u00bb{}\u00a0\u00bb][et_pb_column type=\u00a0\u00bb4_4&Prime; _builder_version=\u00a0\u00bb4.16&Prime; _module_preset=\u00a0\u00bbdefault\u00a0\u00bb global_colors_info=\u00a0\u00bb{}\u00a0\u00bb][et_pb_divider divider_weight=\u00a0\u00bb2px\u00a0\u00bb _builder_version=\u00a0\u00bb4.16&Prime; _module_preset=\u00a0\u00bbdefault\u00a0\u00bb global_colors_info=\u00a0\u00bb{}\u00a0\u00bb][\/et_pb_divider][\/et_pb_column][\/et_pb_row][et_pb_row column_structure=\u00a0\u00bb1_2,1_2&Prime; _builder_version=\u00a0\u00bb4.16&Prime; _module_preset=\u00a0\u00bbdefault\u00a0\u00bb min_height=\u00a0\u00bb321px\u00a0\u00bb custom_padding=\u00a0\u00bb||4px|||\u00a0\u00bb global_colors_info=\u00a0\u00bb{}\u00a0\u00bb][et_pb_column type=\u00a0\u00bb1_2&Prime; _builder_version=\u00a0\u00bb4.16&Prime; _module_preset=\u00a0\u00bbdefault\u00a0\u00bb global_colors_info=\u00a0\u00bb{}\u00a0\u00bb][et_pb_text admin_label=\u00a0\u00bbTittle\u00a0\u00bb _builder_version=\u00a0\u00bb4.16&Prime; text_font=\u00a0\u00bbNunito||||||||\u00a0\u00bb header_text_align=\u00a0\u00bbcenter\u00a0\u00bb header_3_font=\u00a0\u00bbOswald|||on|||||\u00a0\u00bb header_3_font_size=\u00a0\u00bb42px\u00a0\u00bb header_3_letter_spacing=\u00a0\u00bb2px\u00a0\u00bb header_3_line_height=\u00a0\u00bb1.5em\u00a0\u00bb max_width=\u00a0\u00bb600px\u00a0\u00bb max_width_tablet=\u00a0\u00bb\u00a0\u00bb max_width_phone=\u00a0\u00bb\u00a0\u00bb max_width_last_edited=\u00a0\u00bbon|phone\u00a0\u00bb module_alignment=\u00a0\u00bbleft\u00a0\u00bb custom_margin=\u00a0\u00bb56px||-1px|||\u00a0\u00bb custom_margin_tablet=\u00a0\u00bb0px||||false|false\u00a0\u00bb custom_margin_phone=\u00a0\u00bb0px||||false|false\u00a0\u00bb custom_margin_last_edited=\u00a0\u00bbon|desktop\u00a0\u00bb locked=\u00a0\u00bboff\u00a0\u00bb global_colors_info=\u00a0\u00bb{}\u00a0\u00bb]<\/p>\n<p><span>Les <strong>diff\u00e9rents mat\u00e9riaux d\u00e9riv\u00e9s du bois<\/strong> constituent la base de la construction en bois. La mani\u00e8re dont ils sont utilis\u00e9s est aussi vari\u00e9e et nombreuse que les entreprises de construction en bois elles-m\u00eames. Les exigences relatives aux mat\u00e9riaux d\u00e9riv\u00e9s du bois varient en fonction de la m\u00e9thode de construction. Le choix du mat\u00e9riau de construction en bois est d\u00e9terminant pour une r\u00e9alisation simple et rentable.<\/span><\/p>\n<p>[\/et_pb_text][\/et_pb_column][et_pb_column type=\u00a0\u00bb1_2&Prime; _builder_version=\u00a0\u00bb4.16&Prime; _module_preset=\u00a0\u00bbdefault\u00a0\u00bb global_colors_info=\u00a0\u00bb{}\u00a0\u00bb][et_pb_image src=\u00a0\u00bbhttps:\/\/harvesta.com\/wp-content\/uploads\/2021\/11\/Hausbau_ressource.jpg\u00a0\u00bb alt=\u00a0\u00bbConstruction de maisons\u00a0\u00bb _builder_version=\u00a0\u00bb4.16&Prime; _module_preset=\u00a0\u00bbdefault\u00a0\u00bb custom_margin=\u00a0\u00bb||-11px|||\u00a0\u00bb global_colors_info=\u00a0\u00bb{}\u00a0\u00bb][\/et_pb_image][\/et_pb_column][\/et_pb_row][et_pb_row column_structure=\u00a0\u00bb1_2,1_2&Prime; _builder_version=\u00a0\u00bb4.16&Prime; _module_preset=\u00a0\u00bbdefault\u00a0\u00bb custom_margin=\u00a0\u00bb-1px|auto||auto||\u00a0\u00bb custom_padding=\u00a0\u00bb3px|||||\u00a0\u00bb global_colors_info=\u00a0\u00bb{}\u00a0\u00bb][et_pb_column type=\u00a0\u00bb1_2&Prime; disabled_on=\u00a0\u00bbon|off|off\u00a0\u00bb _builder_version=\u00a0\u00bb4.16&Prime; _module_preset=\u00a0\u00bbdefault\u00a0\u00bb global_colors_info=\u00a0\u00bb{}\u00a0\u00bb][et_pb_image src=\u00a0\u00bbhttps:\/\/harvesta.com\/wp-content\/uploads\/2022\/01\/Bild-Nr.2.jpg\u00a0\u00bb alt=\u00a0\u00bbR\u00e9colte des arbres\u00a0\u00bb disabled_on=\u00a0\u00bbon|off|off\u00a0\u00bb _builder_version=\u00a0\u00bb4.16&Prime; _module_preset=\u00a0\u00bbdefault\u00a0\u00bb global_colors_info=\u00a0\u00bb{}\u00a0\u00bb][\/et_pb_image][\/et_pb_column][et_pb_column type=\u00a0\u00bb1_2&Prime; _builder_version=\u00a0\u00bb4.16&Prime; _module_preset=\u00a0\u00bbdefault\u00a0\u00bb global_colors_info=\u00a0\u00bb{}\u00a0\u00bb][et_pb_text admin_label=\u00a0\u00bbTittle\u00a0\u00bb _builder_version=\u00a0\u00bb4.16&Prime; text_font=\u00a0\u00bbNunito||||||||\u00a0\u00bb header_text_align=\u00a0\u00bbcenter\u00a0\u00bb header_3_font=\u00a0\u00bbOswald|||on|||||\u00a0\u00bb header_3_font_size=\u00a0\u00bb42px\u00a0\u00bb header_3_letter_spacing=\u00a0\u00bb2px\u00a0\u00bb header_3_line_height=\u00a0\u00bb1.5em\u00a0\u00bb max_width=\u00a0\u00bb600px\u00a0\u00bb max_width_tablet=\u00a0\u00bb\u00a0\u00bb max_width_phone=\u00a0\u00bb\u00a0\u00bb max_width_last_edited=\u00a0\u00bbon|phone\u00a0\u00bb module_alignment=\u00a0\u00bbleft\u00a0\u00bb custom_margin=\u00a0\u00bb56px|||||\u00a0\u00bb custom_margin_tablet=\u00a0\u00bb0px||||false|false\u00a0\u00bb custom_margin_phone=\u00a0\u00bb56px||||false|false\u00a0\u00bb custom_margin_last_edited=\u00a0\u00bbon|phone\u00a0\u00bb locked=\u00a0\u00bboff\u00a0\u00bb global_colors_info=\u00a0\u00bb{}\u00a0\u00bb]<\/p>\n<p><span>Notre bois provient de for\u00eats<\/span> <strong>g\u00e9r\u00e9es durablement<\/strong><span> <strong>et<\/strong> peut \u00eatre r\u00e9utilis\u00e9 \u00e0 la fin de son utilisation. Nous sommes heureux de r\u00e9pondre aux diff\u00e9rents souhaits sp\u00e9ciaux. Demandez d\u00e8s aujourd&rsquo;hui un devis pour le produit souhait\u00e9 ou laissez-nous vous conseiller.<\/span><\/p>\n<p>[\/et_pb_text][\/et_pb_column][\/et_pb_row][et_pb_row _builder_version=\u00a0\u00bb4.16&Prime; _module_preset=\u00a0\u00bbdefault\u00a0\u00bb global_colors_info=\u00a0\u00bb{}\u00a0\u00bb][et_pb_column type=\u00a0\u00bb4_4&Prime; _builder_version=\u00a0\u00bb4.16&Prime; _module_preset=\u00a0\u00bbdefault\u00a0\u00bb global_colors_info=\u00a0\u00bb{}\u00a0\u00bb][et_pb_image src=\u00a0\u00bbhttps:\/\/harvesta.com\/wp-content\/uploads\/2022\/01\/Bild-Nr.2.jpg\u00a0\u00bb alt=\u00a0\u00bbR\u00e9colte des arbres\u00a0\u00bb disabled_on=\u00a0\u00bboff|on|on\u00a0\u00bb _builder_version=\u00a0\u00bb4.16&Prime; _module_preset=\u00a0\u00bbdefault\u00a0\u00bb global_colors_info=\u00a0\u00bb{}\u00a0\u00bb][\/et_pb_image][\/et_pb_column][\/et_pb_row][\/et_pb_section][et_pb_section fb_built=\u00a0\u00bb1&Prime; admin_label=\u00a0\u00bbBest Beans\u00a0\u00bb _builder_version=\u00a0\u00bb4.16&Prime; background_color_gradient_direction=\u00a0\u00bb90deg\u00a0\u00bb custom_padding=\u00a0\u00bb0px|0px|0px|0px\u00a0\u00bb global_colors_info=\u00a0\u00bb{}\u00a0\u00bb][et_pb_row column_structure=\u00a0\u00bb1_2,1_2&Prime; use_custom_gutter=\u00a0\u00bbon\u00a0\u00bb gutter_width=\u00a0\u00bb1&Prime; make_equal=\u00a0\u00bbon\u00a0\u00bb admin_label=\u00a0\u00bbBest Beans Row\u00a0\u00bb module_class=\u00a0\u00bb et_pb_row_fullwidth\u00a0\u00bb _builder_version=\u00a0\u00bb4.16&Prime; width=\u00a0\u00bb100%\u00a0\u00bb width_tablet=\u00a0\u00bb100%\u00a0\u00bb width_phone=\u00a0\u00bb100%\u00a0\u00bb width_last_edited=\u00a0\u00bbon|desktop\u00a0\u00bb max_width=\u00a0\u00bb100%\u00a0\u00bb max_width_tablet=\u00a0\u00bb100%\u00a0\u00bb max_width_phone=\u00a0\u00bb100%\u00a0\u00bb max_width_last_edited=\u00a0\u00bbon|desktop\u00a0\u00bb custom_margin=\u00a0\u00bb|||\u00a0\u00bb custom_padding=\u00a0\u00bb0px|0px|0px|0px\u00a0\u00bb make_fullwidth=\u00a0\u00bbon\u00a0\u00bb global_colors_info=\u00a0\u00bb{}\u00a0\u00bb][et_pb_column type=\u00a0\u00bb1_2&Prime; _builder_version=\u00a0\u00bb4.16&Prime; custom_padding=\u00a0\u00bb100px|10%|100px|10%\u00a0\u00bb global_colors_info=\u00a0\u00bb{}\u00a0\u00bb custom_padding__hover=\u00a0\u00bb|||\u00a0\u00bb][et_pb_text admin_label=\u00a0\u00bbTittle\u00a0\u00bb _builder_version=\u00a0\u00bb4.16&Prime; header_text_align=\u00a0\u00bbcenter\u00a0\u00bb header_3_font_size=\u00a0\u00bb42px\u00a0\u00bb header_3_letter_spacing=\u00a0\u00bb2px\u00a0\u00bb header_3_line_height=\u00a0\u00bb1.5em\u00a0\u00bb max_width=\u00a0\u00bb600px\u00a0\u00bb max_width_tablet=\u00a0\u00bb\u00a0\u00bb max_width_phone=\u00a0\u00bb\u00a0\u00bb max_width_last_edited=\u00a0\u00bbon|phone\u00a0\u00bb module_alignment=\u00a0\u00bbleft\u00a0\u00bb custom_margin=\u00a0\u00bb|||\u00a0\u00bb locked=\u00a0\u00bboff\u00a0\u00bb global_colors_info=\u00a0\u00bb{}\u00a0\u00bb]<\/p>\n<h2>Construire en bois \u2013 \u00e9prouv\u00e9 et innovant \u00e0 la fois<\/h2>\n<p><span>D\u00e9couvrez de nouvelles dimensions dans le domaine de l&rsquo;architecture et du design dans la construction en bois avec nos mat\u00e9riaux d\u00e9riv\u00e9s du bois. Ils allient qualit\u00e9 de vie, durabilit\u00e9 et esth\u00e9tique. Gr\u00e2ce \u00e0 une transformation flexible, ils permettent aussi bien la cr\u00e9ativit\u00e9 architecturale qu&rsquo;une construction \u00e9cologique. Quiconque opte pour le bois comme mat\u00e9riau de construction mise sur une mati\u00e8re premi\u00e8re renouvelable et prot\u00e8ge notre environnement. <\/span><\/p>\n<p><span>Vous recherchez le mat\u00e9riau de construction en bois adapt\u00e9 \u00e0 votre projet&nbsp;?<br \/>Nous serons heureux de vous conseiller et de livrer les produits souhait\u00e9s, coup\u00e9s sur mesure, sur votre chantier.<\/span><\/p>\n<p>[\/et_pb_text][et_pb_button button_url=\u00a0\u00bbhttps:\/\/harvesta.com\/rohholz\/\u00a0\u00bb button_text=\u00a0\u00bbVoir le catalogue de bois brut\u00a0\u00bb button_alignment=\u00a0\u00bbleft\u00a0\u00bb _builder_version=\u00a0\u00bb4.24.0&Prime; _module_preset=\u00a0\u00bbdefault\u00a0\u00bb custom_margin=\u00a0\u00bb1.5em||||false|false\u00a0\u00bb global_colors_info=\u00a0\u00bb{}\u00a0\u00bb][\/et_pb_button][et_pb_button button_url=\u00a0\u00bbhttps:\/\/harvesta.com\/holzwerkstoffe\/\u00a0\u00bb button_text=\u00a0\u00bbVoir les mat\u00e9riaux d\u00e9riv\u00e9s du bois\u00a0\u00bb button_alignment=\u00a0\u00bbleft\u00a0\u00bb _builder_version=\u00a0\u00bb4.16&Prime; _module_preset=\u00a0\u00bbdefault\u00a0\u00bb custom_margin=\u00a0\u00bb1.5em||||false|false\u00a0\u00bb global_colors_info=\u00a0\u00bb{}\u00a0\u00bb][\/et_pb_button][\/et_pb_column][et_pb_column type=\u00a0\u00bb1_2&Prime; _builder_version=\u00a0\u00bb4.16&Prime; background_image=\u00a0\u00bbhttps:\/\/harvesta.com\/wp-content\/uploads\/2022\/01\/Bild-1.jpg\u00a0\u00bb custom_padding=\u00a0\u00bb|||\u00a0\u00bb custom_padding_tablet=\u00a0\u00bb|||\u00a0\u00bb custom_padding_phone=\u00a0\u00bb||||false|false\u00a0\u00bb custom_padding_last_edited=\u00a0\u00bbon|phone\u00a0\u00bb background_last_edited=\u00a0\u00bbon|phone\u00a0\u00bb background_enable_image_phone=\u00a0\u00bboff\u00a0\u00bb global_colors_info=\u00a0\u00bb{}\u00a0\u00bb custom_padding__hover=\u00a0\u00bb|||\u00a0\u00bb][et_pb_image src=\u00a0\u00bbhttps:\/\/harvesta.com\/wp-content\/uploads\/2022\/01\/Bild-1.jpg\u00a0\u00bb alt=\u00a0\u00bbSi\u00e8ge principal de Harvesta\u00a0\u00bb title_text=\u00a0\u00bb51&Prime; disabled_on=\u00a0\u00bboff|on|on\u00a0\u00bb _builder_version=\u00a0\u00bb4.16&Prime; _module_preset=\u00a0\u00bbdefault\u00a0\u00bb global_colors_info=\u00a0\u00bb{}\u00a0\u00bb][\/et_pb_image][\/et_pb_column][\/et_pb_row][\/et_pb_section]<\/p>\n","protected":false},"excerpt":{"rendered":"<p>Mat\u00e9riaux d\u00e9riv\u00e9s du bois \u2013 Catalogue de produitsNous fournissons des mat\u00e9riaux d\u00e9riv\u00e9s du bois de qualit\u00e9, polyvalents et adapt\u00e9s \u00e0 la construction moderne en bois. Gr\u00e2ce \u00e0 la collaboration de diff\u00e9rents producteurs europ\u00e9ens, nous sommes flexibles et pouvons vous faire une offre dans les plus brefs d\u00e9lais.Nous livrons volontiers nos mat\u00e9riaux&nbsp;: recouverts, assembl\u00e9s, trait\u00e9s et incl. pi\u00e8ces en acier pr\u00e9assembl\u00e9es. Exactement comme vous en avez besoin.\u00c9l\u00e9ments massifs en bois compos\u00e9s de lamelles de bois massif \u00e0 haute stabilit\u00e9 dimensionnelle.\u00c9l\u00e9ments massifs en bois compos\u00e9s de planches coll\u00e9es en croix avec une rigidit\u00e9 propre \u00e9lev\u00e9e et une transmission de charge dans deux directions.Trois lamelles coll\u00e9es dans la m\u00eame direction de fibre avec une capacit\u00e9 de charge extr\u00eamement \u00e9lev\u00e9e. Id\u00e9al pour les fortes contraintes statiques dans la construction d&rsquo;ouvrages d&rsquo;art.Les diff\u00e9rents mat\u00e9riaux d\u00e9riv\u00e9s du bois constituent la base de la construction en bois. La mani\u00e8re dont ils sont utilis\u00e9s est aussi vari\u00e9e et nombreuse que les entreprises de construction en bois elles-m\u00eames. Les exigences relatives aux mat\u00e9riaux d\u00e9riv\u00e9s du bois varient en fonction de la m\u00e9thode de construction. Le choix du mat\u00e9riau de construction en bois est d\u00e9terminant pour une r\u00e9alisation simple et rentable.Notre bois provient de for\u00eats g\u00e9r\u00e9es durablement et peut \u00eatre [&hellip;]<\/p>\n","protected":false},"author":1,"featured_media":1191,"parent":0,"menu_order":0,"comment_status":"closed","ping_status":"closed","template":"","meta":{"_acf_changed":false,"_et_pb_use_builder":"on","_et_pb_old_content":"","_et_gb_content_width":"","footnotes":""},"class_list":["post-1190","page","type-page","status-publish","has-post-thumbnail","hentry"],"acf":[],"_links":{"self":[{"href":"https:\/\/harvesta.com\/fr\/wp-json\/wp\/v2\/pages\/1190","targetHints":{"allow":["GET"]}}],"collection":[{"href":"https:\/\/harvesta.com\/fr\/wp-json\/wp\/v2\/pages"}],"about":[{"href":"https:\/\/harvesta.com\/fr\/wp-json\/wp\/v2\/types\/page"}],"author":[{"embeddable":true,"href":"https:\/\/harvesta.com\/fr\/wp-json\/wp\/v2\/users\/1"}],"replies":[{"embeddable":true,"href":"https:\/\/harvesta.com\/fr\/wp-json\/wp\/v2\/comments?post=1190"}],"version-history":[{"count":2,"href":"https:\/\/harvesta.com\/fr\/wp-json\/wp\/v2\/pages\/1190\/revisions"}],"predecessor-version":[{"id":1193,"href":"https:\/\/harvesta.com\/fr\/wp-json\/wp\/v2\/pages\/1190\/revisions\/1193"}],"wp:featuredmedia":[{"embeddable":true,"href":"https:\/\/harvesta.com\/fr\/wp-json\/wp\/v2\/media\/1191"}],"wp:attachment":[{"href":"https:\/\/harvesta.com\/fr\/wp-json\/wp\/v2\/media?parent=1190"}],"curies":[{"name":"wp","href":"https:\/\/api.w.org\/{rel}","templated":true}]}}